{"id":103,"date":"2024-02-22T13:52:51","date_gmt":"2024-02-22T16:52:51","guid":{"rendered":"https:\/\/unapiufes.wordpress.com\/?page_id=103"},"modified":"2024-02-22T13:52:51","modified_gmt":"2024-02-22T16:52:51","slug":"neeapi","status":"publish","type":"page","link":"https:\/\/unapi.ufes.br\/index.php\/neeapi\/","title":{"rendered":"NEEAPI"},"content":{"rendered":"\n<div class=\"wp-block-group alignfull has-global-padding is-content-justification-center is-layout-constrained wp-container-core-group-is-layout-0425e432 wp-block-group-is-layout-constrained\" style=\"margin-top:0;margin-bottom:0;padding-top:calc( 0.5 * var(--wp--style--root--padding-right, var(--wp--custom--gap--horizontal)));padding-right:var(--wp--style--root--padding-right, var(--wp--custom--gap--horizontal));padding-bottom:calc( 0.5 * var(--wp--style--root--padding-right, var(--wp--custom--gap--horizontal)));padding-left:var(--wp--style--root--padding-left, var(--wp--custom--gap--horizontal))\">\n<div style=\"height:calc( 0.25 * var(--wp--style--root--padding-right, var(--wp--custom--gap--horizontal)))\" aria-hidden=\"true\" class=\"wp-block-spacer\"><\/div>\n\n\n\n<h2 class=\"wp-block-heading alignwide has-text-align-center has-text-color has-link-color has-x-large-font-size wp-elements-8ec941be18820160be5e90ac35e76045\" style=\"color:#652269\"><strong>NEEAPI<\/strong><\/h2>\n\n\n\n<h2 class=\"wp-block-heading has-text-align-center has-text-color has-link-color has-large-font-size wp-elements-34eea00d3838a26facdd25df11511787\" style=\"color:#652269\">N\u00facleo de Estudos e Assessoramento \u00e0 Pessoa Idosa<\/h2>\n\n\n\n<p class=\"has-text-align-center\">O objetivo do NEEAPI, coordenado por Cenira Andrade de Oliveira, \u00e9 abrigar projetos, programas, grupo de estudos, eventos e assessoria multiprofissional e comunit\u00e1ria voltadas \u00e0 popula\u00e7\u00e3o idosa no \u00e2mbito da universidade e em institui\u00e7\u00f5es correlatas.<br>Fazemos isso fornecendo subs\u00eddios para a pesquisa nos n\u00edveis da gradua\u00e7\u00e3o e p\u00f3s-gradua\u00e7\u00e3o, promovendo eventos voltados para a dignidade e emancipa\u00e7\u00e3o da pessoa idosa, promovendo eventos acad\u00eamicos e de forma\u00e7\u00e3o\/capacita\u00e7\u00e3o para o trabalho com a pessoa idosa, assessorando conselhos de direitos da pessoa idosa, bem como ministrando palestras e minicursos relativos aos processos de envelhecimento e \u00e1reas afins (cuidado, viol\u00eancia, mem\u00f3ria, qualidade de vida, pol\u00edticas p\u00fablicas, direitos humanos, entre outras).<\/p>\n\n\n\n<div style=\"height:calc( 0.25 * var(--wp--style--root--padding-right, var(--wp--custom--gap--horizontal)))\" aria-hidden=\"true\" class=\"wp-block-spacer\"><\/div>\n\n\n\n<div class=\"wp-block-cover alignfull has-theme-5-color has-text-color has-link-color wp-elements-6662da874fe73c51eff95735c266703f\" style=\"margin-top:0;margin-bottom:0;padding-top:var(--wp--preset--spacing--20);padding-right:var(--wp--preset--spacing--40);padding-bottom:var(--wp--preset--spacing--20);padding-left:var(--wp--preset--spacing--40)\"><img loading=\"lazy\" decoding=\"async\" width=\"1080\" height=\"608\" class=\"wp-block-cover__image-background wp-image-95\" alt=\"\" src=\"https:\/\/unapiufes.wordpress.com\/wp-content\/uploads\/2024\/02\/unapi_premio-grande.jpeg\" data-object-fit=\"cover\" srcset=\"https:\/\/unapi.ufes.br\/wp-content\/uploads\/2024\/02\/unapi_premio-grande.jpeg 1080w, https:\/\/unapi.ufes.br\/wp-content\/uploads\/2024\/02\/unapi_premio-grande-300x169.jpeg 300w, https:\/\/unapi.ufes.br\/wp-content\/uploads\/2024\/02\/unapi_premio-grande-1024x576.jpeg 1024w, https:\/\/unapi.ufes.br\/wp-content\/uploads\/2024\/02\/unapi_premio-grande-768x432.jpeg 768w\" sizes=\"auto, (max-width: 1080px) 100vw, 1080px\" \/><span aria-hidden=\"true\" class=\"wp-block-cover__background has-background-dim-80 has-background-dim\" style=\"background-color:#652269\"><\/span><div class=\"wp-block-cover__inner-container is-layout-flow wp-block-cover-is-layout-flow\">\n<div style=\"height:var(--wp--preset--spacing--50)\" aria-hidden=\"true\" class=\"wp-block-spacer\"><\/div>\n\n\n\n<div class=\"wp-block-group has-global-padding is-layout-constrained wp-block-group-is-layout-constrained\">\n<h2 class=\"wp-block-heading alignwide has-text-align-center has-theme-1-color has-text-color has-link-color wp-elements-3ef2c9c7a7f38cc366ca8111a025dd4b\">Grupo de Estudos<\/h2>\n\n\n\n<p class=\"has-text-align-center has-theme-1-color has-text-color has-link-color wp-elements-a6b72dd755a78bcc80378aaf28d7cade\">Em breve mais informa\u00e7\u00f5es!<\/p>\n\n\n\n<div class=\"wp-block-buttons is-content-justification-center is-layout-flex wp-container-core-buttons-is-layout-a89b3969 wp-block-buttons-is-layout-flex\">\n<div class=\"wp-block-button is-style-fill\"><a class=\"wp-block-button__link has-theme-1-background-color has-text-color has-background has-link-color wp-element-button\" href=\"https:\/\/www.instagram.com\/unapiufes\/\" style=\"border-radius:8px;color:#652269\" target=\"_blank\" rel=\"noreferrer noopener\"><strong>Siga-nos no instagram para acompanhar<\/strong><\/a><\/div>\n<\/div>\n<\/div>\n\n\n\n<div style=\"height:var(--wp--preset--spacing--50)\" aria-hidden=\"true\" class=\"wp-block-spacer\"><\/div>\n<\/div><\/div>\n\n\n\n<div style=\"height:65px\" aria-hidden=\"true\" class=\"wp-block-spacer\"><\/div>\n\n\n\n<h2 class=\"wp-block-heading has-text-align-center has-text-color has-link-color has-x-large-font-size wp-elements-c5687f07437df1d8f4379807ac1e45d8\" style=\"color:#652269\">Produ\u00e7\u00e3o Acad\u00eamica<\/h2>\n\n\n\n<h5 class=\"wp-block-heading has-text-align-center\"><em>Clique na categoria desejada para ver todos os documentos<\/em><\/h5>\n\n\n\n<hr class=\"wp-block-separator has-alpha-channel-opacity\" \/>\n<\/div>\n\n\n\n<details class=\"wp-block-details has-large-font-size is-layout-flow wp-container-core-details-is-layout-22223934 wp-block-details-is-layout-flow\"><summary>Artigos<\/summary>\n<p class=\"has-theme-5-color has-text-color has-link-color has-medium-font-size wp-elements-8eecd07d29543ca190c07ca89664bd51\"><em>Clique no nome do documento desejado para acessar<\/em><\/p>\n\n\n\n<ul class=\"wp-block-list\">\n<li class=\"has-small-font-size\" style=\"margin-top:var(--wp--preset--spacing--20);margin-bottom:var(--wp--preset--spacing--20)\"><strong>[2019] <\/strong><a href=\"https:\/\/drive.google.com\/file\/d\/1ZIOR71k0Rb-XjMy3rhV_GjYVPL3wLD9H\/view?usp=sharing\" target=\"_blank\" rel=\"noreferrer noopener\">O instrumento Grupo no trabalho com pessoas idosas na Universidade Aberta \u00e0 Pessoa Idosa do Esp\u00edrito Santo<\/a><\/li>\n\n\n\n<li class=\"has-small-font-size\"><strong>[2019] <\/strong><a href=\"https:\/\/drive.google.com\/file\/d\/1PNo7h0DuV3T_xLAX7BPmeTB4Y84EFSS3\/view?usp=sharing\" target=\"_blank\" rel=\"noreferrer noopener\">Servi\u00e7o Social e a import\u00e2ncia da Educa\u00e7\u00e3o Continuada na constru\u00e7\u00e3o da cidadania da pessoa idosa na UNAPI-UFES<\/a><\/li>\n\n\n\n<li class=\"has-small-font-size\" style=\"margin-top:var(--wp--preset--spacing--20);margin-bottom:var(--wp--preset--spacing--20)\"><strong>[2019] <\/strong><a href=\"https:\/\/drive.google.com\/file\/d\/1UCDLZzNaYkst--LI35OL38ePPdTBL9P7\/view?usp=sharing\" target=\"_blank\" rel=\"noreferrer noopener\">Relato de interven\u00e7\u00e3o psicossocial em Institui\u00e7\u00e3o de Longa Perman\u00eancia para Idosos<\/a><\/li>\n\n\n\n<li class=\"has-small-font-size\" style=\"margin-top:var(--wp--preset--spacing--20);margin-bottom:var(--wp--preset--spacing--20)\"><strong>[2020] <\/strong><a href=\"https:\/\/drive.google.com\/file\/d\/1aw0cEWyjtSC6oczHuYtM9XkKEScQ52m6\/view?usp=drive_link\" target=\"_blank\" rel=\"noreferrer noopener\">Vivendo em comunidade, envelhecendo de forma saud\u00e1vel<\/a><\/li>\n\n\n\n<li class=\"has-small-font-size\" style=\"margin-top:var(--wp--preset--spacing--20);margin-bottom:var(--wp--preset--spacing--20)\"><strong>[2023] <\/strong><a href=\"https:\/\/drive.google.com\/file\/d\/1BSxYU2vtEpYA6QTNy-uhvYmfPaBOBWkU\/view?usp=drive_link\" target=\"_blank\" rel=\"noreferrer noopener\">Envelhecimento e Qualidade de Vida: uma estudo sobre pr\u00e1ticas e representa\u00e7\u00f5es sociais entre profissionais de CCTIS no per\u00edodo de pandemia de COVID-19<\/a><\/li>\n\n\n\n<li class=\"has-small-font-size\" style=\"margin-top:var(--wp--preset--spacing--20);margin-bottom:var(--wp--preset--spacing--20)\"><strong>[2023]<\/strong> <a href=\"https:\/\/drive.google.com\/file\/d\/1jrt4S_Fh51l5DSgsGp5Krzu6--iyq38O\/view?usp=sharing\">Do Velho ao Idoso: Representa\u00e7\u00f5es Sociais de Velhice e Pr\u00e1ticas de Qualidade de Vida e Idosas Frequentadoras de um CCTI<\/a><\/li>\n\n\n\n<li class=\"has-small-font-size\" style=\"margin-top:var(--wp--preset--spacing--20);margin-bottom:var(--wp--preset--spacing--20)\"><strong>[2024]<\/strong> <a href=\"https:\/\/drive.google.com\/file\/d\/1VKQtyCiki-bZEBjQtuujGS8nAyx67TN-\/view?usp=sharing\">Universidade Aberta \u00e0 Pessoa Idosa: um relato de Extens\u00e3o Universit\u00e1ria em tempos de pandemia<\/a><\/li>\n\n\n\n<li class=\"has-small-font-size\" style=\"margin-top:var(--wp--preset--spacing--20);margin-bottom:var(--wp--preset--spacing--20)\"><strong>[2025]<\/strong> <a href=\"https:\/\/drive.google.com\/file\/d\/1ny7Pu2yHygmJDFfMyy_WPx66yUCRxU7S\/view?usp=drive_link\">O acesso \u00e0 pol\u00edtica de sa\u00fade pelas pessoas idosas residentes em institui\u00e7\u00f5es de longa perman\u00eancia no Esp\u00edrito<\/a><\/li>\n\n\n\n<li class=\"has-small-font-size\" style=\"margin-top:var(--wp--preset--spacing--20);margin-bottom:var(--wp--preset--spacing--20)\"><strong>[2025]<\/strong> <a href=\"https:\/\/drive.google.com\/file\/d\/1yldpMTjWaEj17Uu6WbXyuQvkZVlHYgPR\/view?usp=sharing\">Inser\u00e7\u00e3o de cotas raciais na universidade aberta \u00e0 pessoa idosa<\/a><\/li>\n\n\n\n<li class=\"has-small-font-size\"><strong>[2025]<\/strong> <a href=\"https:\/\/drive.google.com\/file\/d\/16WkbAlJAz2oenvg3pPxmC3279C0fjiIm\/view?usp=sharing\">O ensino de espanhol para idosos a partir da literatura em l\u00edngua espanhola<\/a><\/li>\n<\/ul>\n<\/details>\n\n\n\n<hr class=\"wp-block-separator has-alpha-channel-opacity\" \/>\n\n\n\n<div class=\"wp-block-group has-global-padding is-layout-constrained wp-block-group-is-layout-constrained\">\n<div class=\"wp-block-columns is-layout-flex wp-container-core-columns-is-layout-28f84493 wp-block-columns-is-layout-flex\">\n<div class=\"wp-block-column is-layout-flow wp-block-column-is-layout-flow\" style=\"flex-basis:100%\">\n<details class=\"wp-block-details has-large-font-size is-layout-flow wp-container-core-details-is-layout-22223934 wp-block-details-is-layout-flow\"><summary>Disserta\u00e7\u00f5es<\/summary>\n<p class=\"has-theme-5-color has-text-color has-link-color has-medium-font-size wp-elements-ee50a28216adba166cbf12898de3688d\"><em>Clique no nome do documento para acessar<\/em><\/p>\n\n\n\n<ul class=\"wp-block-list\">\n<li class=\"has-small-font-size\" style=\"margin-top:var(--wp--preset--spacing--20);margin-bottom:var(--wp--preset--spacing--20)\"><strong>[2021]<\/strong> <a href=\"https:\/\/drive.google.com\/file\/d\/1cykMfJeEiBbfOE976LCoZZMk5xJ8_s9B\/view?usp=sharing\">Representa\u00e7\u00f5es Sociais de Velhice e Pr\u00e1ticas de Qualidade de Vida Entre Idosos e Profissionais de CCTIs de Vit\u00f3ria ES &#8211; SILVA, THAYS HAGE<\/a><\/li>\n\n\n\n<li class=\"has-small-font-size\" style=\"margin-top:var(--wp--preset--spacing--20);margin-bottom:var(--wp--preset--spacing--20)\"><strong>[2022] <\/strong><a href=\"https:\/\/drive.google.com\/file\/d\/171V8z91hyusnstlMrl65zWcWDsuAqgQv\/view?usp=drive_link\" target=\"_blank\" rel=\"noreferrer noopener\">Institui\u00e7\u00f5es de Longa Perman\u00eancia para idosos: interface com a pol\u00edtica de sa\u00fade no Esp\u00edrito Santo &#8211; SIM\u00d5ES CORDEIRO, MONIQUE<\/a><\/li>\n\n\n\n<li class=\"has-small-font-size\" style=\"margin-top:var(--wp--preset--spacing--20);margin-bottom:var(--wp--preset--spacing--20)\"><strong>[2024]<\/strong> <a href=\"https:\/\/drive.google.com\/file\/d\/18hlN_aqEgq7gzIcvFPzdvjtiwdz_Be16\/view?usp=sharing\">Compet\u00eancia Digital das Pessoas Idosas no Uso das Tecnologias da Informa\u00e7\u00e3o e Comunica\u00e7\u00e3o Orientadas ao Enfrentamento da Desinforma\u00e7\u00e3o &#8211; KOHLER, MARIENE<\/a><\/li>\n<\/ul>\n<\/details>\n<\/div>\n<\/div>\n<\/div>\n\n\n\n<hr class=\"wp-block-separator has-alpha-channel-opacity\" \/>\n\n\n\n<details class=\"wp-block-details has-large-font-size is-layout-flow wp-container-core-details-is-layout-22223934 wp-block-details-is-layout-flow\"><summary>TCC<\/summary>\n<p class=\"has-theme-5-color has-text-color has-link-color has-medium-font-size wp-elements-ee50a28216adba166cbf12898de3688d\"><em>Clique no nome do documento para acessar<\/em><\/p>\n\n\n\n<ul class=\"wp-block-list\">\n<li class=\"has-small-font-size\"><strong>[2020] <\/strong><a href=\"https:\/\/drive.google.com\/file\/d\/17H_W_wfV3JyD2Mmgv1qzMAL60Q0zvhQq\/view?usp=drive_link\" target=\"_blank\" rel=\"noreferrer noopener\">Popula\u00e7\u00e3o idosa e sa\u00fade: um estudo sobre o perfil e a condi\u00e7\u00e3o de sa\u00fade do usu\u00e1rio da programa Universidade Aberta \u00e0 Pessoa Idosa &#8211; UnAPI\/UFES<\/a><\/li>\n\n\n\n<li class=\"has-small-font-size\" style=\"margin-top:var(--wp--preset--spacing--20);margin-bottom:var(--wp--preset--spacing--20)\"><strong>[2022] <\/strong><a href=\"https:\/\/drive.google.com\/file\/d\/1oEpIKBNNi9gIlAroyx0EFnIuMxfK4-0i\/view?usp=drive_link\" target=\"_blank\" rel=\"noreferrer noopener\">O avan\u00e7o da financeiriza\u00e7\u00e3o na previd\u00eancia Social e o cr\u00e9dito consignado: uma an\u00e1lise baseada nas produ\u00e7\u00f5es bibliogr\u00e1ficas do Servi\u00e7o Social<\/a><\/li>\n<\/ul>\n<\/details>\n\n\n\n<hr class=\"wp-block-separator has-alpha-channel-opacity\" \/>\n\n\n\n<details class=\"wp-block-details has-large-font-size is-layout-flow wp-container-core-details-is-layout-22223934 wp-block-details-is-layout-flow\"><summary>Teses<\/summary>\n<p class=\"has-theme-5-color has-text-color has-link-color has-medium-font-size wp-elements-9d339aea3708f1e56057f8a09a3b9b0b\"><em>EM BREVE<\/em><\/p>\n<\/details>\n\n\n\n<div style=\"height:49px\" aria-hidden=\"true\" class=\"wp-block-spacer\"><\/div>\n","protected":false},"excerpt":{"rendered":"<p>NEEAPI N\u00facleo de Estudos e Assessoramento \u00e0 Pessoa Idosa O objetivo do NEEAPI, coordenado por Cenira Andrade de Oliveira, \u00e9 abrigar projetos, programas, grupo de estudos, eventos e assessoria multiprofissional e comunit\u00e1ria voltadas \u00e0 popula\u00e7\u00e3o idosa no \u00e2mbito da universidade e em institui\u00e7\u00f5es correlatas.Fazemos isso fornecendo subs\u00eddios para a pesquisa nos n\u00edveis da gradua\u00e7\u00e3o e [&hellip;]<\/p>\n","protected":false},"author":1,"featured_media":0,"parent":0,"menu_order":0,"comment_status":"closed","ping_status":"closed","template":"","meta":{"footnotes":""},"class_list":["post-103","page","type-page","status-publish","hentry"],"_links":{"self":[{"href":"https:\/\/unapi.ufes.br\/index.php\/wp-json\/wp\/v2\/pages\/103","targetHints":{"allow":["GET"]}}],"collection":[{"href":"https:\/\/unapi.ufes.br\/index.php\/wp-json\/wp\/v2\/pages"}],"about":[{"href":"https:\/\/unapi.ufes.br\/index.php\/wp-json\/wp\/v2\/types\/page"}],"author":[{"embeddable":true,"href":"https:\/\/unapi.ufes.br\/index.php\/wp-json\/wp\/v2\/users\/1"}],"replies":[{"embeddable":true,"href":"https:\/\/unapi.ufes.br\/index.php\/wp-json\/wp\/v2\/comments?post=103"}],"version-history":[{"count":0,"href":"https:\/\/unapi.ufes.br\/index.php\/wp-json\/wp\/v2\/pages\/103\/revisions"}],"wp:attachment":[{"href":"https:\/\/unapi.ufes.br\/index.php\/wp-json\/wp\/v2\/media?parent=103"}],"curies":[{"name":"wp","href":"https:\/\/api.w.org\/{rel}","templated":true}]}}