{"id":16,"date":"2024-02-22T10:32:38","date_gmt":"2024-02-22T13:32:38","guid":{"rendered":"https:\/\/unapiufes.wordpress.com\/blog\/"},"modified":"2024-02-22T10:32:38","modified_gmt":"2024-02-22T13:32:38","slug":"blog","status":"publish","type":"page","link":"https:\/\/unapi.ufes.br\/index.php\/blog\/","title":{"rendered":"Eventos"},"content":{"rendered":"\n<div class=\"wp-block-group alignfull has-global-padding is-content-justification-center is-layout-constrained wp-container-core-group-is-layout-df757ecc wp-block-group-is-layout-constrained\" style=\"margin-top:0;margin-bottom:0;padding-top:calc( 0.5 * var(--wp--style--root--padding-right, var(--wp--custom--gap--horizontal)));padding-right:var(--wp--style--root--padding-right, var(--wp--custom--gap--horizontal));padding-bottom:calc( 0.5 * var(--wp--style--root--padding-right, var(--wp--custom--gap--horizontal)));padding-left:var(--wp--style--root--padding-left, var(--wp--custom--gap--horizontal))\">\n<h2 class=\"wp-block-heading has-text-align-center has-text-color has-link-color wp-elements-7ed88b9cbe4cb3ed409d3da0549e6c19\" style=\"color:#652269\">Not\u00edcias da <strong>UnAPI<\/strong><\/h2>\n\n\n\n<div style=\"height:var(--wp--preset--spacing--20)\" aria-hidden=\"true\" class=\"wp-block-spacer\"><\/div>\n<\/div>\n\n\n\n<div class=\"wp-block-group alignfull has-global-padding is-content-justification-center is-layout-constrained wp-container-core-group-is-layout-df757ecc wp-block-group-is-layout-constrained\" style=\"margin-top:0;margin-bottom:0;padding-top:calc( 0.5 * var(--wp--style--root--padding-right, var(--wp--custom--gap--horizontal)));padding-right:var(--wp--style--root--padding-right, var(--wp--custom--gap--horizontal));padding-bottom:calc( 0.5 * var(--wp--style--root--padding-right, var(--wp--custom--gap--horizontal)));padding-left:var(--wp--style--root--padding-left, var(--wp--custom--gap--horizontal))\">\n<div data-wp-context=\"{}\" data-wp-interactive=\"core\/query\" data-wp-key=\"9\" data-wp-router-region=\"query-9\" class=\"wp-block-query alignwide is-layout-flow wp-block-query-is-layout-flow\"><ul class=\"columns-3 wp-block-post-template is-layout-grid wp-container-core-post-template-is-layout-2d080239 wp-block-post-template-is-layout-grid\"><li data-wp-key=\"post-template-item-725\" class=\"wp-block-post post-725 post type-post status-publish format-standard has-post-thumbnail hentry category-sem-categoria\">\n\n<div class=\"wp-block-group is-layout-flow wp-block-group-is-layout-flow\"><figure style=\"aspect-ratio:4\/3;\" class=\"wp-block-post-featured-image\"><img loading=\"lazy\" decoding=\"async\" width=\"1024\" height=\"576\" src=\"https:\/\/unapi.ufes.br\/wp-content\/uploads\/2025\/06\/whatsapp-image-2025-06-13-at-16.36.14-2-1024x576-1-1.jpeg\" class=\"attachment-post-thumbnail size-post-thumbnail wp-post-image\" alt=\"\" style=\"width:100%;height:100%;object-fit:cover;\" srcset=\"https:\/\/unapi.ufes.br\/wp-content\/uploads\/2025\/06\/whatsapp-image-2025-06-13-at-16.36.14-2-1024x576-1-1.jpeg 1024w, https:\/\/unapi.ufes.br\/wp-content\/uploads\/2025\/06\/whatsapp-image-2025-06-13-at-16.36.14-2-1024x576-1-1-300x169.jpeg 300w, https:\/\/unapi.ufes.br\/wp-content\/uploads\/2025\/06\/whatsapp-image-2025-06-13-at-16.36.14-2-1024x576-1-1-768x432.jpeg 768w\" sizes=\"auto, (max-width: 1024px) 100vw, 1024px\" \/><\/figure>\n\n\n<div class=\"wp-block-group has-global-padding is-layout-constrained wp-container-core-group-is-layout-105570a8 wp-block-group-is-layout-constrained\"><h3 class=\"has-text-align-left no-underline wp-block-post-title has-medium-font-size\"><a href=\"https:\/\/unapi.ufes.br\/index.php\/2025\/06\/18\/participante-da-unapi-ana-caracoche-sobreviveu-e-recuperou-filhos-sequestrados-pela-ditadura-argentina\/\" target=\"_self\" >Participante da Unapi, Ana Caracoche, sobreviveu e recuperou filhos sequestrados pela ditadura argentina<\/a><\/h3>\n\n<div class=\"wp-block-post-date has-small-font-size\"><time datetime=\"2025-06-18T14:14:44-03:00\">18 de junho de 2025<\/time><\/div><\/div>\n<\/div>\n\n<\/li><li data-wp-key=\"post-template-item-708\" class=\"wp-block-post post-708 post type-post status-publish format-standard hentry category-sem-categoria\">\n\n<div class=\"wp-block-group is-layout-flow wp-block-group-is-layout-flow\">\n\n\n<div class=\"wp-block-group has-global-padding is-layout-constrained wp-container-core-group-is-layout-105570a8 wp-block-group-is-layout-constrained\"><h3 class=\"has-text-align-left no-underline wp-block-post-title has-medium-font-size\"><a href=\"https:\/\/unapi.ufes.br\/index.php\/2025\/06\/05\/i-simposio-capixaba-sobre-envelhecimento-saudavel-prevencao-de-quedas\/\" target=\"_self\" >I Simp\u00f3sio Capixaba sobre Envelhecimento Saud\u00e1vel: Preven\u00e7\u00e3o de Quedas.<\/a><\/h3>\n\n<div class=\"wp-block-post-date has-small-font-size\"><time datetime=\"2025-06-05T13:24:24-03:00\">5 de junho de 2025<\/time><\/div><\/div>\n<\/div>\n\n<\/li><li data-wp-key=\"post-template-item-697\" class=\"wp-block-post post-697 post type-post status-publish format-standard hentry category-sem-categoria\">\n\n<div class=\"wp-block-group is-layout-flow wp-block-group-is-layout-flow\">\n\n\n<div class=\"wp-block-group has-global-padding is-layout-constrained wp-container-core-group-is-layout-105570a8 wp-block-group-is-layout-constrained\"><h3 class=\"has-text-align-left no-underline wp-block-post-title has-medium-font-size\"><a href=\"https:\/\/unapi.ufes.br\/index.php\/2025\/05\/28\/curso-de-informatica-basica-conectando-saberes-e-pessoas\/\" target=\"_self\" >Curso de Inform\u00e1tica B\u00e1sica: Conectando Saberes e Pessoas<\/a><\/h3>\n\n<div class=\"wp-block-post-date has-small-font-size\"><time datetime=\"2025-05-28T14:25:35-03:00\">28 de maio de 2025<\/time><\/div><\/div>\n<\/div>\n\n<\/li><li data-wp-key=\"post-template-item-671\" class=\"wp-block-post post-671 post type-post status-publish format-standard hentry category-sem-categoria\">\n\n<div class=\"wp-block-group is-layout-flow wp-block-group-is-layout-flow\">\n\n\n<div class=\"wp-block-group has-global-padding is-layout-constrained wp-container-core-group-is-layout-105570a8 wp-block-group-is-layout-constrained\"><h3 class=\"has-text-align-left no-underline wp-block-post-title has-medium-font-size\"><a href=\"https:\/\/unapi.ufes.br\/index.php\/2025\/04\/11\/projeto-universidade-itinerante-aberta-a-pessoa-idosa-unapi-itinerante-em-joao-neiva-es\/\" target=\"_self\" >Projeto Universidade Itinerante Aberta \u00e0 Pessoa Idosa (UNAPI Itinerante) em Jo\u00e3o Neiva\/ES.<\/a><\/h3>\n\n<div class=\"wp-block-post-date has-small-font-size\"><time datetime=\"2025-04-11T17:20:00-03:00\">11 de abril de 2025<\/time><\/div><\/div>\n<\/div>\n\n<\/li><li data-wp-key=\"post-template-item-661\" class=\"wp-block-post post-661 post type-post status-publish format-standard has-post-thumbnail hentry category-sem-categoria\">\n\n<div class=\"wp-block-group is-layout-flow wp-block-group-is-layout-flow\"><figure style=\"aspect-ratio:4\/3;\" class=\"wp-block-post-featured-image\"><img loading=\"lazy\" decoding=\"async\" width=\"414\" height=\"280\" src=\"https:\/\/unapi.ufes.br\/wp-content\/uploads\/2025\/03\/gettyimages-104892855-1.jpg\" class=\"attachment-post-thumbnail size-post-thumbnail wp-post-image\" alt=\"\" style=\"width:100%;height:100%;object-fit:cover;\" srcset=\"https:\/\/unapi.ufes.br\/wp-content\/uploads\/2025\/03\/gettyimages-104892855-1.jpg 414w, https:\/\/unapi.ufes.br\/wp-content\/uploads\/2025\/03\/gettyimages-104892855-1-300x203.jpg 300w\" sizes=\"auto, (max-width: 414px) 100vw, 414px\" \/><\/figure>\n\n\n<div class=\"wp-block-group has-global-padding is-layout-constrained wp-container-core-group-is-layout-105570a8 wp-block-group-is-layout-constrained\"><h3 class=\"has-text-align-left no-underline wp-block-post-title has-medium-font-size\"><a href=\"https:\/\/unapi.ufes.br\/index.php\/2025\/03\/19\/a-morte-de-gene-hackman-e-a-importancia-do-acompanhamento-das-pessoas-idosas-que-moram-sozinhas\/\" target=\"_self\" >A morte de Gene Hackman e a import\u00e2ncia do acompanhamento das pessoas idosas que moram sozinhas<\/a><\/h3>\n\n<div class=\"wp-block-post-date has-small-font-size\"><time datetime=\"2025-03-19T15:19:28-03:00\">19 de mar\u00e7o de 2025<\/time><\/div><\/div>\n<\/div>\n\n<\/li><li data-wp-key=\"post-template-item-658\" class=\"wp-block-post post-658 post type-post status-publish format-standard hentry category-sem-categoria\">\n\n<div class=\"wp-block-group is-layout-flow wp-block-group-is-layout-flow\">\n\n\n<div class=\"wp-block-group has-global-padding is-layout-constrained wp-container-core-group-is-layout-105570a8 wp-block-group-is-layout-constrained\"><h3 class=\"has-text-align-left no-underline wp-block-post-title has-medium-font-size\"><a href=\"https:\/\/unapi.ufes.br\/index.php\/2025\/01\/26\/inscricoes-da-unapi-passam-por-mudancas-no-semestre-2025-1-confira-o-novo-formato-e-datas-importantes\/\" target=\"_self\" >Inscri\u00e7\u00f5es da UnAPI passam por mudan\u00e7as no semestre 2025\/1: confira o novo formato e datas importantes<\/a><\/h3>\n\n<div class=\"wp-block-post-date has-small-font-size\"><time datetime=\"2025-01-26T20:03:00-03:00\">26 de janeiro de 2025<\/time><\/div><\/div>\n<\/div>\n\n<\/li><\/ul>\n\n\n<div style=\"height:var(--wp--preset--spacing--10)\" aria-hidden=\"true\" class=\"wp-block-spacer\"><\/div>\n\n\n<nav class=\"wp-block-query-pagination is-content-justification-space-between is-layout-flex wp-container-core-query-pagination-is-layout-b2891da8 wp-block-query-pagination-is-layout-flex\" aria-label=\"Pagina\u00e7\u00e3o\">\n\n\n<a data-wp-key=\"query-pagination-next\" data-wp-on--click=\"core\/query::actions.navigate\" data-wp-on--mouseenter=\"core\/query::actions.prefetch\" data-wp-watch=\"core\/query::callbacks.prefetch\" href=\"\/index.php\/wp-json\/wp\/v2\/pages\/16?query-9-page=2\" class=\"wp-block-query-pagination-next\">Pr\u00f3xima p\u00e1gina<\/a>\n<\/nav><\/div>\n<\/div>\n\n\n\n<p><\/p>\n","protected":false},"excerpt":{"rendered":"<p>Not\u00edcias da UnAPI<\/p>\n","protected":false},"author":1,"featured_media":0,"parent":0,"menu_order":0,"comment_status":"closed","ping_status":"closed","template":"","meta":{"footnotes":""},"class_list":["post-16","page","type-page","status-publish","hentry"],"_links":{"self":[{"href":"https:\/\/unapi.ufes.br\/index.php\/wp-json\/wp\/v2\/pages\/16","targetHints":{"allow":["GET"]}}],"collection":[{"href":"https:\/\/unapi.ufes.br\/index.php\/wp-json\/wp\/v2\/pages"}],"about":[{"href":"https:\/\/unapi.ufes.br\/index.php\/wp-json\/wp\/v2\/types\/page"}],"author":[{"embeddable":true,"href":"https:\/\/unapi.ufes.br\/index.php\/wp-json\/wp\/v2\/users\/1"}],"replies":[{"embeddable":true,"href":"https:\/\/unapi.ufes.br\/index.php\/wp-json\/wp\/v2\/comments?post=16"}],"version-history":[{"count":0,"href":"https:\/\/unapi.ufes.br\/index.php\/wp-json\/wp\/v2\/pages\/16\/revisions"}],"wp:attachment":[{"href":"https:\/\/unapi.ufes.br\/index.php\/wp-json\/wp\/v2\/media?parent=16"}],"curies":[{"name":"wp","href":"https:\/\/api.w.org\/{rel}","templated":true}]}}