{"id":47,"date":"2024-02-22T12:21:54","date_gmt":"2024-02-22T15:21:54","guid":{"rendered":"https:\/\/unapiufes.wordpress.com\/?page_id=47"},"modified":"2024-02-22T12:21:54","modified_gmt":"2024-02-22T15:21:54","slug":"unapi-itinerante","status":"publish","type":"page","link":"https:\/\/unapi.ufes.br\/index.php\/unapi-itinerante\/","title":{"rendered":"UnAPI Itinerante"},"content":{"rendered":"\n<div class=\"wp-block-group alignwide has-global-padding is-layout-constrained wp-container-core-group-is-layout-e220c6fd wp-block-group-is-layout-constrained\" style=\"margin-top:0;margin-bottom:0;padding-top:calc( 0.5 * var(--wp--style--root--padding-right, var(--wp--custom--gap--horizontal)));padding-right:var(--wp--style--root--padding-right, var(--wp--custom--gap--horizontal));padding-bottom:calc( 0.5 * var(--wp--style--root--padding-right, var(--wp--custom--gap--horizontal)));padding-left:var(--wp--style--root--padding-left, var(--wp--custom--gap--horizontal))\">\n<div style=\"height:var(--wp--preset--spacing--20)\" aria-hidden=\"true\" class=\"wp-block-spacer\"><\/div>\n\n\n\n<div class=\"wp-block-group has-global-padding is-layout-constrained wp-container-core-group-is-layout-e0082cf6 wp-block-group-is-layout-constrained\">\n<h4 class=\"wp-block-heading has-text-align-center has-text-color has-link-color has-x-large-font-size wp-elements-c8918e346c306c445ca06ad2c182fde7\" style=\"color:#652269\">UnAPI Itinerante<\/h4>\n\n\n\n<p class=\"has-text-align-center\">A UnAPI da Ufes existe desde 1996 e tem-se constitu\u00eddo como um programa-refer\u00eancia no Esp\u00edrito Santo (ES), por ser a \u00fanica iniciativa p\u00fablica no \u00e2mbito do ensino\/extens\u00e3o, por\u00e9m a oferta das atividades acaba por ficar restrita \u00e0 popula\u00e7\u00e3o que reside pr\u00f3ximo \u00e0 universidade, na regi\u00e3o metropolitana de Vit\u00f3ria\/ES. A UnAPI Itinerante nasce do inc\u00f4modo e entendimento da necessidade de fazer com que o programa extrapole com maior expressividade os muros da universidade, levando a extens\u00e3o \u00e0quelas pessoas que n\u00e3o podem acessar a universidade. Torna-se importante, portanto, a amplia\u00e7\u00e3o da oferta das atividades da UnAPI \u00e0s outras comunidades do estado.<\/p>\n<\/div>\n\n\n\n<div style=\"height:var(--wp--preset--spacing--20)\" aria-hidden=\"true\" class=\"wp-block-spacer\"><\/div>\n\n\n\n<figure class=\"wp-block-image alignwide size-full\"><img loading=\"lazy\" decoding=\"async\" width=\"1600\" height=\"686\" src=\"https:\/\/unapiufes.wordpress.com\/wp-content\/uploads\/2024\/02\/whatsapp-image-2023-11-10-at-07.58.22-5-2961506676-e1708615021857.jpeg\" alt=\"\" class=\"wp-image-75\" srcset=\"https:\/\/unapi.ufes.br\/wp-content\/uploads\/2024\/02\/whatsapp-image-2023-11-10-at-07.58.22-5-2961506676-e1708615021857.jpeg 1600w, https:\/\/unapi.ufes.br\/wp-content\/uploads\/2024\/02\/whatsapp-image-2023-11-10-at-07.58.22-5-2961506676-e1708615021857-300x129.jpeg 300w, https:\/\/unapi.ufes.br\/wp-content\/uploads\/2024\/02\/whatsapp-image-2023-11-10-at-07.58.22-5-2961506676-e1708615021857-1024x439.jpeg 1024w, https:\/\/unapi.ufes.br\/wp-content\/uploads\/2024\/02\/whatsapp-image-2023-11-10-at-07.58.22-5-2961506676-e1708615021857-768x329.jpeg 768w, https:\/\/unapi.ufes.br\/wp-content\/uploads\/2024\/02\/whatsapp-image-2023-11-10-at-07.58.22-5-2961506676-e1708615021857-1536x659.jpeg 1536w\" sizes=\"auto, (max-width: 1600px) 100vw, 1600px\" \/><\/figure>\n<\/div>\n\n\n\n<div class=\"wp-block-group alignfull has-global-padding is-content-justification-center is-layout-constrained wp-container-core-group-is-layout-df757ecc wp-block-group-is-layout-constrained\" style=\"margin-top:0;margin-bottom:0;padding-top:calc( 0.5 * var(--wp--style--root--padding-right, var(--wp--custom--gap--horizontal)));padding-right:var(--wp--style--root--padding-right, var(--wp--custom--gap--horizontal));padding-bottom:calc( 0.5 * var(--wp--style--root--padding-right, var(--wp--custom--gap--horizontal)));padding-left:var(--wp--style--root--padding-left, var(--wp--custom--gap--horizontal))\">\n<div style=\"height:var(--wp--preset--spacing--20)\" aria-hidden=\"true\" class=\"wp-block-spacer\"><\/div>\n<\/div>\n\n\n\n<h3 class=\"wp-block-heading has-text-align-center has-text-color has-link-color wp-elements-781d168da45df64da0375be15e7fa00c\" style=\"color:#652269\">Projetos realizados<\/h3>\n\n\n\n<div class=\"wp-block-group alignfull has-global-padding is-content-justification-center is-layout-constrained wp-container-core-group-is-layout-df757ecc wp-block-group-is-layout-constrained\" style=\"margin-top:0;margin-bottom:0;padding-top:calc( 0.5 * var(--wp--style--root--padding-right, var(--wp--custom--gap--horizontal)));padding-right:var(--wp--style--root--padding-right, var(--wp--custom--gap--horizontal));padding-bottom:calc( 0.5 * var(--wp--style--root--padding-right, var(--wp--custom--gap--horizontal)));padding-left:var(--wp--style--root--padding-left, var(--wp--custom--gap--horizontal))\">\n<div style=\"height:var(--wp--preset--spacing--10)\" aria-hidden=\"true\" class=\"wp-block-spacer\"><\/div>\n\n\n\n<hr class=\"wp-block-separator alignwide has-alpha-channel-opacity is-style-default\" style=\"margin-top:0;margin-bottom:0\" \/>\n\n\n\n<div class=\"wp-block-columns alignwide is-layout-flex wp-container-core-columns-is-layout-30cd009e wp-block-columns-is-layout-flex\">\n<div class=\"wp-block-column is-vertically-aligned-bottom is-layout-flow wp-block-column-is-layout-flow\">\n<figure class=\"wp-block-image size-full\"><a href=\"https:\/\/unapiufes.wordpress.com\/unapi-itinerante-domingos-martins-2023\/\"><img loading=\"lazy\" decoding=\"async\" width=\"861\" height=\"861\" src=\"https:\/\/unapiufes.wordpress.com\/wp-content\/uploads\/2024\/02\/87fcf8a5-ef79-4d1f-a676-b8be15f34eee-3208676885-e1708614935703.jpeg\" alt=\"\" class=\"wp-image-78\" style=\"aspect-ratio:1;object-fit:cover\" srcset=\"https:\/\/unapi.ufes.br\/wp-content\/uploads\/2024\/02\/87fcf8a5-ef79-4d1f-a676-b8be15f34eee-3208676885-e1708614935703.jpeg 861w, https:\/\/unapi.ufes.br\/wp-content\/uploads\/2024\/02\/87fcf8a5-ef79-4d1f-a676-b8be15f34eee-3208676885-e1708614935703-300x300.jpeg 300w, https:\/\/unapi.ufes.br\/wp-content\/uploads\/2024\/02\/87fcf8a5-ef79-4d1f-a676-b8be15f34eee-3208676885-e1708614935703-150x150.jpeg 150w, https:\/\/unapi.ufes.br\/wp-content\/uploads\/2024\/02\/87fcf8a5-ef79-4d1f-a676-b8be15f34eee-3208676885-e1708614935703-768x768.jpeg 768w\" sizes=\"auto, (max-width: 861px) 100vw, 861px\" \/><\/a><\/figure>\n<\/div>\n\n\n\n<div class=\"wp-block-column is-vertically-aligned-center is-layout-flow wp-container-core-column-is-layout-22223934 wp-block-column-is-layout-flow\">\n<h3 class=\"wp-block-heading\">Domingos Martins<\/h3>\n\n\n\n<h5 class=\"wp-block-heading has-text-color has-link-color wp-elements-24ef107d9f69320bb6c7988f2afb5abc\" style=\"color:#652269\">2023<\/h5>\n\n\n\n<h5 class=\"wp-block-heading has-small-font-size\">A UnAPI Itinerante teve como objetivo levar suas atividades para a regi\u00e3o sudoeste serrana do estado do ES, visando fortalecer a cidadania, promover a inclus\u00e3o digital e melhorar a sa\u00fade e qualidade de vida das pessoas idosas em Domingos Martins\/ES. O projeto foi estruturado com uma abordagem interdisciplinar, envolvendo as \u00e1reas da psicologia, servi\u00e7o social, enfermagem e tecnologia para oferecer uma ampla gama de servi\u00e7os e suporte \u00e0s pessoas idosas da regi\u00e3o.<\/h5>\n\n\n\n<div class=\"wp-block-buttons is-layout-flex wp-block-buttons-is-layout-flex\">\n<div class=\"wp-block-button\"><a class=\"wp-block-button__link has-background wp-element-button\" href=\"https:\/\/unapiufes.wordpress.com\/unapi-itinerante-domingos-martins-2023\/\" style=\"background-color:#652269\">Saiba mais sobre o trabalho realizado<\/a><\/div>\n<\/div>\n<\/div>\n<\/div>\n\n\n\n<div style=\"height:var(--wp--preset--spacing--10)\" aria-hidden=\"true\" class=\"wp-block-spacer\"><\/div>\n\n\n\n<hr class=\"wp-block-separator alignwide has-alpha-channel-opacity\" \/>\n<\/div>\n\n\n\n<div class=\"wp-block-group alignfull has-global-padding is-content-justification-center is-layout-constrained wp-container-core-group-is-layout-df757ecc wp-block-group-is-layout-constrained\" style=\"margin-top:0;margin-bottom:0;padding-top:calc( 0.5 * var(--wp--style--root--padding-right, var(--wp--custom--gap--horizontal)));padding-right:var(--wp--style--root--padding-right, var(--wp--custom--gap--horizontal));padding-bottom:calc( 0.5 * var(--wp--style--root--padding-right, var(--wp--custom--gap--horizontal)));padding-left:var(--wp--style--root--padding-left, var(--wp--custom--gap--horizontal))\"><\/div>\n","protected":false},"excerpt":{"rendered":"<p>UnAPI Itinerante A UnAPI da Ufes existe desde 1996 e tem-se constitu\u00eddo como um programa-refer\u00eancia no Esp\u00edrito Santo (ES), por ser a \u00fanica iniciativa p\u00fablica no \u00e2mbito do ensino\/extens\u00e3o, por\u00e9m a oferta das atividades acaba por ficar restrita \u00e0 popula\u00e7\u00e3o que reside pr\u00f3ximo \u00e0 universidade, na regi\u00e3o metropolitana de Vit\u00f3ria\/ES. A UnAPI Itinerante nasce do [&hellip;]<\/p>\n","protected":false},"author":1,"featured_media":0,"parent":0,"menu_order":0,"comment_status":"closed","ping_status":"closed","template":"","meta":{"footnotes":""},"class_list":["post-47","page","type-page","status-publish","hentry"],"_links":{"self":[{"href":"https:\/\/unapi.ufes.br\/index.php\/wp-json\/wp\/v2\/pages\/47","targetHints":{"allow":["GET"]}}],"collection":[{"href":"https:\/\/unapi.ufes.br\/index.php\/wp-json\/wp\/v2\/pages"}],"about":[{"href":"https:\/\/unapi.ufes.br\/index.php\/wp-json\/wp\/v2\/types\/page"}],"author":[{"embeddable":true,"href":"https:\/\/unapi.ufes.br\/index.php\/wp-json\/wp\/v2\/users\/1"}],"replies":[{"embeddable":true,"href":"https:\/\/unapi.ufes.br\/index.php\/wp-json\/wp\/v2\/comments?post=47"}],"version-history":[{"count":0,"href":"https:\/\/unapi.ufes.br\/index.php\/wp-json\/wp\/v2\/pages\/47\/revisions"}],"wp:attachment":[{"href":"https:\/\/unapi.ufes.br\/index.php\/wp-json\/wp\/v2\/media?parent=47"}],"curies":[{"name":"wp","href":"https:\/\/api.w.org\/{rel}","templated":true}]}}