{"id":720,"date":"2024-02-22T13:06:10","date_gmt":"2024-02-22T13:06:10","guid":{"rendered":"http:\/\/unapiufes.wordpress.com\/?page_id=1"},"modified":"2024-02-22T13:06:10","modified_gmt":"2024-02-22T13:06:10","slug":"sobre","status":"publish","type":"page","link":"https:\/\/unapi.ufes.br\/index.php\/sobre\/","title":{"rendered":"Conhe\u00e7a a UnAPI"},"content":{"rendered":"\n<div class=\"wp-block-group alignfull is-layout-flow wp-block-group-is-layout-flow\" style=\"margin-top:0;margin-bottom:0;padding-top:calc( 0.5 * var(--wp--style--root--padding-right, var(--wp--custom--gap--horizontal)));padding-right:var(--wp--style--root--padding-right, var(--wp--custom--gap--horizontal));padding-bottom:calc( 0.5 * var(--wp--style--root--padding-right, var(--wp--custom--gap--horizontal)));padding-left:var(--wp--style--root--padding-left, var(--wp--custom--gap--horizontal))\">\n<div style=\"height:calc( 0.25 * var(--wp--style--root--padding-right, var(--wp--custom--gap--horizontal)))\" aria-hidden=\"true\" class=\"wp-block-spacer\"><\/div>\n\n\n\n<div class=\"wp-block-columns alignwide is-layout-flex wp-container-core-columns-is-layout-28f84493 wp-block-columns-is-layout-flex\">\n<div class=\"wp-block-column is-layout-flow wp-container-core-column-is-layout-22223934 wp-block-column-is-layout-flow\" style=\"flex-basis:50%\">\n<h2 class=\"wp-block-heading has-text-color has-link-color wp-elements-7acb8f9da8994834a3f3ec0fed1df7d7\" style=\"color:#652269\">Conhe\u00e7a a <strong>UnAPI<\/strong><\/h2>\n\n\n\n<p class=\"has-text-color has-link-color has-medium-font-size wp-elements-ea91993e15b1251ed0c8bab14c75e308\" style=\"color:#652269\"><em>Universidade Aberta \u00e0 Pessoa Idosa<\/em><\/p>\n\n\n\n<figure class=\"wp-block-image size-large\"><img loading=\"lazy\" decoding=\"async\" width=\"1280\" height=\"721\" src=\"https:\/\/unapiufes.wordpress.com\/wp-content\/uploads\/2024\/02\/whatsapp-image-2023-04-04-at-13.49.23.jpeg?w=1024\" alt=\"\" class=\"wp-image-152\" srcset=\"https:\/\/unapi.ufes.br\/wp-content\/uploads\/2024\/02\/whatsapp-image-2023-04-04-at-13.49.23.jpeg 1280w, https:\/\/unapi.ufes.br\/wp-content\/uploads\/2024\/02\/whatsapp-image-2023-04-04-at-13.49.23-300x169.jpeg 300w, https:\/\/unapi.ufes.br\/wp-content\/uploads\/2024\/02\/whatsapp-image-2023-04-04-at-13.49.23-1024x577.jpeg 1024w, https:\/\/unapi.ufes.br\/wp-content\/uploads\/2024\/02\/whatsapp-image-2023-04-04-at-13.49.23-768x433.jpeg 768w\" sizes=\"auto, (max-width: 1280px) 100vw, 1280px\" \/><\/figure>\n<\/div>\n\n\n\n<div class=\"wp-block-column is-layout-flow wp-block-column-is-layout-flow\" style=\"flex-basis:50%\">\n<p>A Universidade Aberta \u00e0 Pessoa Idosa (UnAPI) \u00e9 um programa de extens\u00e3o vinculado ao Departamento de Servi\u00e7o Social Universidade Federal do Esp\u00edrito Santo (UFES). Sua cria\u00e7\u00e3o em 1996 foi uma iniciativa que se antecedeu \u00e0s diretrizes do Estatuto do Idoso, que posteriormente previu o apoio do poder p\u00fablico para a cria\u00e7\u00e3o de universidades abertas destinadas \u00e0s pessoas idosas, conforme estabelecido no artigo 25\u00ba. Essa a\u00e7\u00e3o demonstra o compromisso com a educa\u00e7\u00e3o continuada, e inclusiva para esse p\u00fablico espec\u00edfico.<\/p>\n\n\n\n<p>O principal objetivo da UnAPI \u00e9 ofertar m\u00f3dulos, cursos e oficinas para pessoas da comunidade a partir de 60 anos de forma gratuita, estabelecendo uma conex\u00e3o entre a Universidade e a comunidade. A UnAPI busca melhorar a qualidade de vida dos participantes, contribuir para pol\u00edticas p\u00fablicas relacionadas ao envelhecimento, proporcionar um ambiente de aprendizado te\u00f3rico-pr\u00e1tico para extensionistas e estagi\u00e1rios, permitir a realiza\u00e7\u00e3o de pesquisas em diversas \u00e1reas, entre outros prop\u00f3sitos. Atualmente, a UnAPI mant\u00e9m diversos projetos em andamento, adotando uma abordagem multidisciplinar e atendendo cerca de 250 pessoas idosas a cada semestre.<\/p>\n<\/div>\n<\/div>\n\n\n\n<div style=\"height:44px\" aria-hidden=\"true\" class=\"wp-block-spacer\"><\/div>\n\n\n\n<div class=\"wp-block-buttons is-content-justification-center is-layout-flex wp-container-core-buttons-is-layout-a89b3969 wp-block-buttons-is-layout-flex\">\n<div class=\"wp-block-button has-custom-font-size has-medium-font-size\"><a class=\"wp-block-button__link has-background wp-element-button\" href=\"https:\/\/unapiufes.wordpress.com\/atividades\/\" style=\"border-radius:8px;background-color:#652269\">Confira as atividades deste semestre<\/a><\/div>\n<\/div>\n\n\n\n<div style=\"height:71px\" aria-hidden=\"true\" class=\"wp-block-spacer\"><\/div>\n\n\n\n<hr class=\"wp-block-separator has-alpha-channel-opacity\" \/>\n\n\n\n<h3 class=\"wp-block-heading has-text-align-center has-text-color has-link-color wp-elements-505bba609c548f8a29236b93182a0fff\" style=\"color:#652269\">Document\u00e1rio<\/h3>\n\n\n\n<figure class=\"wp-block-embed is-type-video is-provider-youtube wp-block-embed-youtube wp-embed-aspect-16-9 wp-has-aspect-ratio\"><div class=\"wp-block-embed__wrapper\">\n<div class=\"embed-youtube\"><iframe loading=\"lazy\" title=\"Document\u00e1rio UNAPI\" width=\"500\" height=\"281\" src=\"https:\/\/www.youtube.com\/embed\/SkKA_E-bBH4?feature=oembed\" frameborder=\"0\" allow=\"accelerometer; autoplay; clipboard-write; encrypted-media; gyroscope; picture-in-picture; web-share\" referrerpolicy=\"strict-origin-when-cross-origin\" allowfullscreen><\/iframe><\/div>\n<\/div><\/figure>\n<\/div>\n\n\n\n<div class=\"wp-block-group alignfull is-layout-flow wp-block-group-is-layout-flow\" style=\"margin-top:0;margin-bottom:0;padding-top:calc( 0.5 * var(--wp--style--root--padding-right, var(--wp--custom--gap--horizontal)));padding-right:var(--wp--style--root--padding-right, var(--wp--custom--gap--horizontal));padding-bottom:calc( 0.5 * var(--wp--style--root--padding-right, var(--wp--custom--gap--horizontal)));padding-left:var(--wp--style--root--padding-left, var(--wp--custom--gap--horizontal))\">\n<div style=\"height:calc( 0.25 * var(--wp--style--root--padding-right, var(--wp--custom--gap--horizontal)))\" aria-hidden=\"true\" class=\"wp-block-spacer\"><\/div>\n\n\n\n<hr class=\"wp-block-separator has-alpha-channel-opacity is-style-wide is-style-wide--1\" \/>\n\n\n\n<h5 class=\"wp-block-heading has-text-align-center has-text-color has-link-color wp-elements-d88ae816cf972b9e904e59cb02da9c59\" style=\"color:#652269\"><em>Se interessou em participar ou em ser nosso parceiro?<\/em><\/h5>\n\n\n\n<div class=\"wp-block-buttons is-content-justification-center is-layout-flex wp-container-core-buttons-is-layout-a89b3969 wp-block-buttons-is-layout-flex\">\n<div class=\"wp-block-button has-custom-font-size has-medium-font-size\"><a class=\"wp-block-button__link has-background has-text-align-center wp-element-button\" href=\"https:\/\/unapiufes.wordpress.com\/contato\/\" style=\"border-radius:8px;background-color:#652269\"><strong>Entre em contato<\/strong><\/a><\/div>\n<\/div>\n\n\n\n<div style=\"height:69px\" aria-hidden=\"true\" class=\"wp-block-spacer\"><\/div>\n\n\n\n<div style=\"height:calc( 0.25 * var(--wp--style--root--padding-right, var(--wp--custom--gap--horizontal)))\" aria-hidden=\"true\" class=\"wp-block-spacer\"><\/div>\n<\/div>\n","protected":false},"excerpt":{"rendered":"<p>Conhe\u00e7a a UnAPI Universidade Aberta \u00e0 Pessoa Idosa A Universidade Aberta \u00e0 Pessoa Idosa (UnAPI) \u00e9 um programa de extens\u00e3o vinculado ao Departamento de Servi\u00e7o Social Universidade Federal do Esp\u00edrito Santo (UFES). Sua cria\u00e7\u00e3o em 1996 foi uma iniciativa que se antecedeu \u00e0s diretrizes do Estatuto do Idoso, que posteriormente previu o apoio do poder [&hellip;]<\/p>\n","protected":false},"author":1,"featured_media":0,"parent":0,"menu_order":0,"comment_status":"closed","ping_status":"open","template":"","meta":{"footnotes":""},"class_list":["post-720","page","type-page","status-publish","hentry"],"_links":{"self":[{"href":"https:\/\/unapi.ufes.br\/index.php\/wp-json\/wp\/v2\/pages\/720","targetHints":{"allow":["GET"]}}],"collection":[{"href":"https:\/\/unapi.ufes.br\/index.php\/wp-json\/wp\/v2\/pages"}],"about":[{"href":"https:\/\/unapi.ufes.br\/index.php\/wp-json\/wp\/v2\/types\/page"}],"author":[{"embeddable":true,"href":"https:\/\/unapi.ufes.br\/index.php\/wp-json\/wp\/v2\/users\/1"}],"replies":[{"embeddable":true,"href":"https:\/\/unapi.ufes.br\/index.php\/wp-json\/wp\/v2\/comments?post=720"}],"version-history":[{"count":0,"href":"https:\/\/unapi.ufes.br\/index.php\/wp-json\/wp\/v2\/pages\/720\/revisions"}],"wp:attachment":[{"href":"https:\/\/unapi.ufes.br\/index.php\/wp-json\/wp\/v2\/media?parent=720"}],"curies":[{"name":"wp","href":"https:\/\/api.w.org\/{rel}","templated":true}]}}